{"id":9843,"date":"2024-04-08T23:25:28","date_gmt":"2024-04-08T21:25:28","guid":{"rendered":"https:\/\/www.cocoonstock.org\/?post_type=product&#038;p=9843"},"modified":"2026-02-21T12:24:28","modified_gmt":"2026-02-21T11:24:28","slug":"mini-cendrier-ceramique-blanc-a-motif-dore","status":"publish","type":"product","link":"https:\/\/www.cocoonstock.org\/?product=mini-cendrier-ceramique-blanc-a-motif-dore","title":{"rendered":"Mini cendrier c\u00e9ramique, blanc \u00e0 motif dor\u00e9"},"content":{"rendered":"","protected":false},"excerpt":{"rendered":"<h6><em>7.5 cm x 5.5 cm<\/em><\/h6>\n<h6><em>Tous les prix sont en dirhams, hors taxes<br \/>\nTous les prix s\u2019entendent hors frais logistique, production, consommables.<\/em><\/h6>\n","protected":false},"featured_media":9846,"template":"","meta":[],"product_cat":[352],"product_tag":[373,377,393],"_links":{"self":[{"href":"https:\/\/www.cocoonstock.org\/index.php?rest_route=\/wp\/v2\/product\/9843"}],"collection":[{"href":"https:\/\/www.cocoonstock.org\/index.php?rest_route=\/wp\/v2\/product"}],"about":[{"href":"https:\/\/www.cocoonstock.org\/index.php?rest_route=\/wp\/v2\/types\/product"}],"version-history":[{"count":2,"href":"https:\/\/www.cocoonstock.org\/index.php?rest_route=\/wp\/v2\/product\/9843\/revisions"}],"predecessor-version":[{"id":9849,"href":"https:\/\/www.cocoonstock.org\/index.php?rest_route=\/wp\/v2\/product\/9843\/revisions\/9849"}],"wp:featuredmedia":[{"embeddable":true,"href":"https:\/\/www.cocoonstock.org\/index.php?rest_route=\/wp\/v2\/media\/9846"}],"wp:attachment":[{"href":"https:\/\/www.cocoonstock.org\/index.php?rest_route=%2Fwp%2Fv2%2Fmedia&parent=9843"}],"wp:term":[{"taxonomy":"product_cat","embeddable":true,"href":"https:\/\/www.cocoonstock.org\/index.php?rest_route=%2Fwp%2Fv2%2Fproduct_cat&post=9843"},{"taxonomy":"product_tag","embeddable":true,"href":"https:\/\/www.cocoonstock.org\/index.php?rest_route=%2Fwp%2Fv2%2Fproduct_tag&post=9843"}],"curies":[{"name":"wp","href":"https:\/\/api.w.org\/{rel}","templated":true}]}}