{"id":9702,"date":"2024-04-07T03:07:08","date_gmt":"2024-04-07T01:07:08","guid":{"rendered":"https:\/\/www.cocoonstock.org\/?post_type=product&#038;p=9702"},"modified":"2026-02-12T15:18:39","modified_gmt":"2026-02-12T14:18:39","slug":"chapeau-du-pere-noel-a-accrocher","status":"publish","type":"product","link":"https:\/\/www.cocoonstock.org\/?product=chapeau-du-pere-noel-a-accrocher","title":{"rendered":"Chapeau du P\u00e8re No\u00ebl \u00e0 accrocher"},"content":{"rendered":"","protected":false},"excerpt":{"rendered":"<h6>H 46cm \/\/ L 41cm<\/h6>\n<h6><em>Tous les prix sont en dirhams, hors taxes<br \/>\nTous les prix s\u2019entendent hors frais logistique, production, consommables.<\/em><\/h6>\n","protected":false},"featured_media":9703,"template":"","meta":[],"product_cat":[313],"product_tag":[373,377,376],"_links":{"self":[{"href":"https:\/\/www.cocoonstock.org\/index.php?rest_route=\/wp\/v2\/product\/9702"}],"collection":[{"href":"https:\/\/www.cocoonstock.org\/index.php?rest_route=\/wp\/v2\/product"}],"about":[{"href":"https:\/\/www.cocoonstock.org\/index.php?rest_route=\/wp\/v2\/types\/product"}],"version-history":[{"count":1,"href":"https:\/\/www.cocoonstock.org\/index.php?rest_route=\/wp\/v2\/product\/9702\/revisions"}],"predecessor-version":[{"id":9704,"href":"https:\/\/www.cocoonstock.org\/index.php?rest_route=\/wp\/v2\/product\/9702\/revisions\/9704"}],"wp:featuredmedia":[{"embeddable":true,"href":"https:\/\/www.cocoonstock.org\/index.php?rest_route=\/wp\/v2\/media\/9703"}],"wp:attachment":[{"href":"https:\/\/www.cocoonstock.org\/index.php?rest_route=%2Fwp%2Fv2%2Fmedia&parent=9702"}],"wp:term":[{"taxonomy":"product_cat","embeddable":true,"href":"https:\/\/www.cocoonstock.org\/index.php?rest_route=%2Fwp%2Fv2%2Fproduct_cat&post=9702"},{"taxonomy":"product_tag","embeddable":true,"href":"https:\/\/www.cocoonstock.org\/index.php?rest_route=%2Fwp%2Fv2%2Fproduct_tag&post=9702"}],"curies":[{"name":"wp","href":"https:\/\/api.w.org\/{rel}","templated":true}]}}