{"id":9519,"date":"2024-04-06T18:27:53","date_gmt":"2024-04-06T16:27:53","guid":{"rendered":"https:\/\/www.cocoonstock.org\/?post_type=product&#038;p=9519"},"modified":"2026-02-25T06:17:34","modified_gmt":"2026-02-25T05:17:34","slug":"table-bistrot-carre-echantillon","status":"publish","type":"product","link":"https:\/\/www.cocoonstock.org\/?product=table-bistrot-carre-echantillon","title":{"rendered":"Table bistrot carr\u00e9 &#8211; \u00e9chantillon"},"content":{"rendered":"","protected":false},"excerpt":{"rendered":"<h6>Table \u00e9chantillon<\/h6>\n<h6><em>Tous les prix sont en dirhams, hors taxes<br \/>\nTous les prix s\u2019entendent hors frais logistique, production, consommables.<\/em><\/h6>\n","protected":false},"featured_media":9520,"template":"","meta":[],"product_cat":[360],"product_tag":[],"_links":{"self":[{"href":"https:\/\/www.cocoonstock.org\/index.php?rest_route=\/wp\/v2\/product\/9519"}],"collection":[{"href":"https:\/\/www.cocoonstock.org\/index.php?rest_route=\/wp\/v2\/product"}],"about":[{"href":"https:\/\/www.cocoonstock.org\/index.php?rest_route=\/wp\/v2\/types\/product"}],"version-history":[{"count":3,"href":"https:\/\/www.cocoonstock.org\/index.php?rest_route=\/wp\/v2\/product\/9519\/revisions"}],"predecessor-version":[{"id":12320,"href":"https:\/\/www.cocoonstock.org\/index.php?rest_route=\/wp\/v2\/product\/9519\/revisions\/12320"}],"wp:featuredmedia":[{"embeddable":true,"href":"https:\/\/www.cocoonstock.org\/index.php?rest_route=\/wp\/v2\/media\/9520"}],"wp:attachment":[{"href":"https:\/\/www.cocoonstock.org\/index.php?rest_route=%2Fwp%2Fv2%2Fmedia&parent=9519"}],"wp:term":[{"taxonomy":"product_cat","embeddable":true,"href":"https:\/\/www.cocoonstock.org\/index.php?rest_route=%2Fwp%2Fv2%2Fproduct_cat&post=9519"},{"taxonomy":"product_tag","embeddable":true,"href":"https:\/\/www.cocoonstock.org\/index.php?rest_route=%2Fwp%2Fv2%2Fproduct_tag&post=9519"}],"curies":[{"name":"wp","href":"https:\/\/api.w.org\/{rel}","templated":true}]}}