{"id":9334,"date":"2024-04-03T19:25:49","date_gmt":"2024-04-03T17:25:49","guid":{"rendered":"https:\/\/www.cocoonstock.org\/?post_type=product&#038;p=9334"},"modified":"2024-04-03T19:46:04","modified_gmt":"2024-04-03T17:46:04","slug":"glaciere-a-robinet-capacite-18l","status":"publish","type":"product","link":"https:\/\/www.cocoonstock.org\/?product=glaciere-a-robinet-capacite-18l","title":{"rendered":"Gla\u00e7i\u00e8re \u00e0 robinet &#8211; capacit\u00e9 18L"},"content":{"rendered":"","protected":false},"excerpt":{"rendered":"<h6><em>Tous les prix sont en dirhams, hors taxes<br \/>\nTous les prix s\u2019entendent hors frais logistique, production, consommables<\/em><\/h6>\n","protected":false},"featured_media":9335,"template":"","meta":[],"product_cat":[303],"product_tag":[],"_links":{"self":[{"href":"https:\/\/www.cocoonstock.org\/index.php?rest_route=\/wp\/v2\/product\/9334"}],"collection":[{"href":"https:\/\/www.cocoonstock.org\/index.php?rest_route=\/wp\/v2\/product"}],"about":[{"href":"https:\/\/www.cocoonstock.org\/index.php?rest_route=\/wp\/v2\/types\/product"}],"version-history":[{"count":2,"href":"https:\/\/www.cocoonstock.org\/index.php?rest_route=\/wp\/v2\/product\/9334\/revisions"}],"predecessor-version":[{"id":9354,"href":"https:\/\/www.cocoonstock.org\/index.php?rest_route=\/wp\/v2\/product\/9334\/revisions\/9354"}],"wp:featuredmedia":[{"embeddable":true,"href":"https:\/\/www.cocoonstock.org\/index.php?rest_route=\/wp\/v2\/media\/9335"}],"wp:attachment":[{"href":"https:\/\/www.cocoonstock.org\/index.php?rest_route=%2Fwp%2Fv2%2Fmedia&parent=9334"}],"wp:term":[{"taxonomy":"product_cat","embeddable":true,"href":"https:\/\/www.cocoonstock.org\/index.php?rest_route=%2Fwp%2Fv2%2Fproduct_cat&post=9334"},{"taxonomy":"product_tag","embeddable":true,"href":"https:\/\/www.cocoonstock.org\/index.php?rest_route=%2Fwp%2Fv2%2Fproduct_tag&post=9334"}],"curies":[{"name":"wp","href":"https:\/\/api.w.org\/{rel}","templated":true}]}}