{"id":9238,"date":"2024-04-03T16:09:39","date_gmt":"2024-04-03T14:09:39","guid":{"rendered":"https:\/\/www.cocoonstock.org\/?post_type=product&#038;p=9238"},"modified":"2026-02-16T16:56:55","modified_gmt":"2026-02-16T15:56:55","slug":"boite-de-the-couleur-vert-fonce","status":"publish","type":"product","link":"https:\/\/www.cocoonstock.org\/?product=boite-de-the-couleur-vert-fonce","title":{"rendered":"Bo\u00eete de th\u00e9, de couleur verte fonc\u00e9e"},"content":{"rendered":"","protected":false},"excerpt":{"rendered":"<h6>H 25cm \/\/ D 20cm<\/h6>\n<h6><em>Tous les prix sont en dirhams, hors taxes<br \/>\nTous les prix s\u2019entendent hors frais logistique, production, consommables<\/em><\/h6>\n","protected":false},"featured_media":9251,"template":"","meta":[],"product_cat":[358],"product_tag":[373,377,376],"_links":{"self":[{"href":"https:\/\/www.cocoonstock.org\/index.php?rest_route=\/wp\/v2\/product\/9238"}],"collection":[{"href":"https:\/\/www.cocoonstock.org\/index.php?rest_route=\/wp\/v2\/product"}],"about":[{"href":"https:\/\/www.cocoonstock.org\/index.php?rest_route=\/wp\/v2\/types\/product"}],"version-history":[{"count":3,"href":"https:\/\/www.cocoonstock.org\/index.php?rest_route=\/wp\/v2\/product\/9238\/revisions"}],"predecessor-version":[{"id":9685,"href":"https:\/\/www.cocoonstock.org\/index.php?rest_route=\/wp\/v2\/product\/9238\/revisions\/9685"}],"wp:featuredmedia":[{"embeddable":true,"href":"https:\/\/www.cocoonstock.org\/index.php?rest_route=\/wp\/v2\/media\/9251"}],"wp:attachment":[{"href":"https:\/\/www.cocoonstock.org\/index.php?rest_route=%2Fwp%2Fv2%2Fmedia&parent=9238"}],"wp:term":[{"taxonomy":"product_cat","embeddable":true,"href":"https:\/\/www.cocoonstock.org\/index.php?rest_route=%2Fwp%2Fv2%2Fproduct_cat&post=9238"},{"taxonomy":"product_tag","embeddable":true,"href":"https:\/\/www.cocoonstock.org\/index.php?rest_route=%2Fwp%2Fv2%2Fproduct_tag&post=9238"}],"curies":[{"name":"wp","href":"https:\/\/api.w.org\/{rel}","templated":true}]}}