{"id":9218,"date":"2024-04-03T15:02:36","date_gmt":"2024-04-03T13:02:36","guid":{"rendered":"https:\/\/www.cocoonstock.org\/?post_type=product&#038;p=9218"},"modified":"2026-02-16T17:01:53","modified_gmt":"2026-02-16T16:01:53","slug":"boite-de-the-bleu-turquois","status":"publish","type":"product","link":"https:\/\/www.cocoonstock.org\/?product=boite-de-the-bleu-turquois","title":{"rendered":"Bo\u00eete de th\u00e9  avec emplacement \u00e9tiquette, de couleur bleue turquoise"},"content":{"rendered":"","protected":false},"excerpt":{"rendered":"<h6>H 24cm \/\/ D 20cm<\/h6>\n<h6><em>Tous les prix sont en dirhams, hors taxes<br \/>\nTous les prix s\u2019entendent hors frais logistique, production, consommables<\/em><\/h6>\n","protected":false},"featured_media":9220,"template":"","meta":[],"product_cat":[358],"product_tag":[373,377,376],"_links":{"self":[{"href":"https:\/\/www.cocoonstock.org\/index.php?rest_route=\/wp\/v2\/product\/9218"}],"collection":[{"href":"https:\/\/www.cocoonstock.org\/index.php?rest_route=\/wp\/v2\/product"}],"about":[{"href":"https:\/\/www.cocoonstock.org\/index.php?rest_route=\/wp\/v2\/types\/product"}],"version-history":[{"count":5,"href":"https:\/\/www.cocoonstock.org\/index.php?rest_route=\/wp\/v2\/product\/9218\/revisions"}],"predecessor-version":[{"id":12167,"href":"https:\/\/www.cocoonstock.org\/index.php?rest_route=\/wp\/v2\/product\/9218\/revisions\/12167"}],"wp:featuredmedia":[{"embeddable":true,"href":"https:\/\/www.cocoonstock.org\/index.php?rest_route=\/wp\/v2\/media\/9220"}],"wp:attachment":[{"href":"https:\/\/www.cocoonstock.org\/index.php?rest_route=%2Fwp%2Fv2%2Fmedia&parent=9218"}],"wp:term":[{"taxonomy":"product_cat","embeddable":true,"href":"https:\/\/www.cocoonstock.org\/index.php?rest_route=%2Fwp%2Fv2%2Fproduct_cat&post=9218"},{"taxonomy":"product_tag","embeddable":true,"href":"https:\/\/www.cocoonstock.org\/index.php?rest_route=%2Fwp%2Fv2%2Fproduct_tag&post=9218"}],"curies":[{"name":"wp","href":"https:\/\/api.w.org\/{rel}","templated":true}]}}