{"id":9206,"date":"2024-04-03T14:44:48","date_gmt":"2024-04-03T12:44:48","guid":{"rendered":"https:\/\/www.cocoonstock.org\/?post_type=product&#038;p=9206"},"modified":"2026-02-08T20:27:15","modified_gmt":"2026-02-08T19:27:15","slug":"pied-pour-parasol-deporte","status":"publish","type":"product","link":"https:\/\/www.cocoonstock.org\/?product=pied-pour-parasol-deporte","title":{"rendered":"Pied pour parasol d\u00e9port\u00e9"},"content":{"rendered":"","protected":false},"excerpt":{"rendered":"<h6>Carr\u00e9 de 45cm xcm, \u00e0 remplir d&#8217;eau ou de sable<\/h6>\n<h6><em>Tous les prix sont en dirhams, hors taxes<br \/>\nTous les prix s\u2019entendent hors frais logistique, production, consommables<\/em><\/h6>\n","protected":false},"featured_media":9207,"template":"","meta":[],"product_cat":[304],"product_tag":[373,377,376],"_links":{"self":[{"href":"https:\/\/www.cocoonstock.org\/index.php?rest_route=\/wp\/v2\/product\/9206"}],"collection":[{"href":"https:\/\/www.cocoonstock.org\/index.php?rest_route=\/wp\/v2\/product"}],"about":[{"href":"https:\/\/www.cocoonstock.org\/index.php?rest_route=\/wp\/v2\/types\/product"}],"version-history":[{"count":1,"href":"https:\/\/www.cocoonstock.org\/index.php?rest_route=\/wp\/v2\/product\/9206\/revisions"}],"predecessor-version":[{"id":9208,"href":"https:\/\/www.cocoonstock.org\/index.php?rest_route=\/wp\/v2\/product\/9206\/revisions\/9208"}],"wp:featuredmedia":[{"embeddable":true,"href":"https:\/\/www.cocoonstock.org\/index.php?rest_route=\/wp\/v2\/media\/9207"}],"wp:attachment":[{"href":"https:\/\/www.cocoonstock.org\/index.php?rest_route=%2Fwp%2Fv2%2Fmedia&parent=9206"}],"wp:term":[{"taxonomy":"product_cat","embeddable":true,"href":"https:\/\/www.cocoonstock.org\/index.php?rest_route=%2Fwp%2Fv2%2Fproduct_cat&post=9206"},{"taxonomy":"product_tag","embeddable":true,"href":"https:\/\/www.cocoonstock.org\/index.php?rest_route=%2Fwp%2Fv2%2Fproduct_tag&post=9206"}],"curies":[{"name":"wp","href":"https:\/\/api.w.org\/{rel}","templated":true}]}}