{"id":8963,"date":"2024-04-01T23:38:51","date_gmt":"2024-04-01T21:38:51","guid":{"rendered":"https:\/\/www.cocoonstock.org\/?post_type=product&#038;p=8963"},"modified":"2026-02-12T17:03:59","modified_gmt":"2026-02-12T16:03:59","slug":"boule-decorative-de-noel-argent-brillant-t1","status":"publish","type":"product","link":"https:\/\/www.cocoonstock.org\/?product=boule-decorative-de-noel-argent-brillant-t1","title":{"rendered":"Boule d\u00e9corative de No\u00ebl argent paillet\u00e9 (T1)"},"content":{"rendered":"","protected":false},"excerpt":{"rendered":"<h6>D 3,5cm<\/h6>\n<h6><em>Tous les prix sont en dirhams, hors taxes<br \/>\nTous les prix s\u2019entendent hors frais logistique, production, consommables.<\/em><\/h6>\n","protected":false},"featured_media":11991,"template":"","meta":[],"product_cat":[313],"product_tag":[373,377,376],"_links":{"self":[{"href":"https:\/\/www.cocoonstock.org\/index.php?rest_route=\/wp\/v2\/product\/8963"}],"collection":[{"href":"https:\/\/www.cocoonstock.org\/index.php?rest_route=\/wp\/v2\/product"}],"about":[{"href":"https:\/\/www.cocoonstock.org\/index.php?rest_route=\/wp\/v2\/types\/product"}],"version-history":[{"count":3,"href":"https:\/\/www.cocoonstock.org\/index.php?rest_route=\/wp\/v2\/product\/8963\/revisions"}],"predecessor-version":[{"id":11990,"href":"https:\/\/www.cocoonstock.org\/index.php?rest_route=\/wp\/v2\/product\/8963\/revisions\/11990"}],"wp:featuredmedia":[{"embeddable":true,"href":"https:\/\/www.cocoonstock.org\/index.php?rest_route=\/wp\/v2\/media\/11991"}],"wp:attachment":[{"href":"https:\/\/www.cocoonstock.org\/index.php?rest_route=%2Fwp%2Fv2%2Fmedia&parent=8963"}],"wp:term":[{"taxonomy":"product_cat","embeddable":true,"href":"https:\/\/www.cocoonstock.org\/index.php?rest_route=%2Fwp%2Fv2%2Fproduct_cat&post=8963"},{"taxonomy":"product_tag","embeddable":true,"href":"https:\/\/www.cocoonstock.org\/index.php?rest_route=%2Fwp%2Fv2%2Fproduct_tag&post=8963"}],"curies":[{"name":"wp","href":"https:\/\/api.w.org\/{rel}","templated":true}]}}