{"id":8762,"date":"2024-03-31T19:54:49","date_gmt":"2024-03-31T17:54:49","guid":{"rendered":"https:\/\/www.cocoonstock.org\/?post_type=product&#038;p=8762"},"modified":"2026-02-11T15:30:26","modified_gmt":"2026-02-11T14:30:26","slug":"vase-blanc-a-fleurs-dorees-et-argentees-gm","status":"publish","type":"product","link":"https:\/\/www.cocoonstock.org\/?product=vase-blanc-a-fleurs-dorees-et-argentees-gm","title":{"rendered":"Vase blanc \u00e0 fleurs dor\u00e9es et argent\u00e9es &#8211; GM"},"content":{"rendered":"","protected":false},"excerpt":{"rendered":"<h6><em>H31cm \/\/ D19cm<\/em><\/h6>\n<h6><em>Tous les prix sont en dirhams, hors taxes<br \/>\nTous les prix s\u2019entendent hors frais logistique, production, consommables.<\/em><\/h6>\n","protected":false},"featured_media":8763,"template":"","meta":[],"product_cat":[294],"product_tag":[373,377,383],"_links":{"self":[{"href":"https:\/\/www.cocoonstock.org\/index.php?rest_route=\/wp\/v2\/product\/8762"}],"collection":[{"href":"https:\/\/www.cocoonstock.org\/index.php?rest_route=\/wp\/v2\/product"}],"about":[{"href":"https:\/\/www.cocoonstock.org\/index.php?rest_route=\/wp\/v2\/types\/product"}],"version-history":[{"count":1,"href":"https:\/\/www.cocoonstock.org\/index.php?rest_route=\/wp\/v2\/product\/8762\/revisions"}],"predecessor-version":[{"id":8764,"href":"https:\/\/www.cocoonstock.org\/index.php?rest_route=\/wp\/v2\/product\/8762\/revisions\/8764"}],"wp:featuredmedia":[{"embeddable":true,"href":"https:\/\/www.cocoonstock.org\/index.php?rest_route=\/wp\/v2\/media\/8763"}],"wp:attachment":[{"href":"https:\/\/www.cocoonstock.org\/index.php?rest_route=%2Fwp%2Fv2%2Fmedia&parent=8762"}],"wp:term":[{"taxonomy":"product_cat","embeddable":true,"href":"https:\/\/www.cocoonstock.org\/index.php?rest_route=%2Fwp%2Fv2%2Fproduct_cat&post=8762"},{"taxonomy":"product_tag","embeddable":true,"href":"https:\/\/www.cocoonstock.org\/index.php?rest_route=%2Fwp%2Fv2%2Fproduct_tag&post=8762"}],"curies":[{"name":"wp","href":"https:\/\/api.w.org\/{rel}","templated":true}]}}