{"id":8759,"date":"2024-03-31T19:52:57","date_gmt":"2024-03-31T17:52:57","guid":{"rendered":"https:\/\/www.cocoonstock.org\/?post_type=product&#038;p=8759"},"modified":"2026-02-11T15:30:29","modified_gmt":"2026-02-11T14:30:29","slug":"vase-blanc-a-fleurs-dorees-et-argentees-mm","status":"publish","type":"product","link":"https:\/\/www.cocoonstock.org\/?product=vase-blanc-a-fleurs-dorees-et-argentees-mm","title":{"rendered":"Vase blanc \u00e0 fleurs dor\u00e9es et argent\u00e9es &#8211; MM"},"content":{"rendered":"","protected":false},"excerpt":{"rendered":"<h6>H 25cm \/\/ D 15cm<\/h6>\n<h6><em>Tous les prix sont en dirhams, hors taxes<br \/>\nTous les prix s\u2019entendent hors frais logistique, production, consommables.<\/em><\/h6>\n","protected":false},"featured_media":8760,"template":"","meta":[],"product_cat":[294],"product_tag":[373,377,383],"_links":{"self":[{"href":"https:\/\/www.cocoonstock.org\/index.php?rest_route=\/wp\/v2\/product\/8759"}],"collection":[{"href":"https:\/\/www.cocoonstock.org\/index.php?rest_route=\/wp\/v2\/product"}],"about":[{"href":"https:\/\/www.cocoonstock.org\/index.php?rest_route=\/wp\/v2\/types\/product"}],"version-history":[{"count":2,"href":"https:\/\/www.cocoonstock.org\/index.php?rest_route=\/wp\/v2\/product\/8759\/revisions"}],"predecessor-version":[{"id":8765,"href":"https:\/\/www.cocoonstock.org\/index.php?rest_route=\/wp\/v2\/product\/8759\/revisions\/8765"}],"wp:featuredmedia":[{"embeddable":true,"href":"https:\/\/www.cocoonstock.org\/index.php?rest_route=\/wp\/v2\/media\/8760"}],"wp:attachment":[{"href":"https:\/\/www.cocoonstock.org\/index.php?rest_route=%2Fwp%2Fv2%2Fmedia&parent=8759"}],"wp:term":[{"taxonomy":"product_cat","embeddable":true,"href":"https:\/\/www.cocoonstock.org\/index.php?rest_route=%2Fwp%2Fv2%2Fproduct_cat&post=8759"},{"taxonomy":"product_tag","embeddable":true,"href":"https:\/\/www.cocoonstock.org\/index.php?rest_route=%2Fwp%2Fv2%2Fproduct_tag&post=8759"}],"curies":[{"name":"wp","href":"https:\/\/api.w.org\/{rel}","templated":true}]}}