{"id":8753,"date":"2024-03-31T19:47:10","date_gmt":"2024-03-31T17:47:10","guid":{"rendered":"https:\/\/www.cocoonstock.org\/?post_type=product&#038;p=8753"},"modified":"2026-02-21T19:14:06","modified_gmt":"2026-02-21T18:14:06","slug":"plateau-de-presentation-dore-a-3-niveaux","status":"publish","type":"product","link":"https:\/\/www.cocoonstock.org\/?product=plateau-de-presentation-dore-a-3-niveaux","title":{"rendered":"Plateau de pr\u00e9sentation dor\u00e9 \u00e0 3 niveaux"},"content":{"rendered":"","protected":false},"excerpt":{"rendered":"<h6><em>H 120cm<\/em><\/h6>\n<h6><em>Tous les prix sont en dirhams, hors taxes<br \/>\nTous les prix s\u2019entendent hors frais logistique, production, consommables.<\/em><\/h6>\n","protected":false},"featured_media":8754,"template":"","meta":[],"product_cat":[350],"product_tag":[373,377,404],"_links":{"self":[{"href":"https:\/\/www.cocoonstock.org\/index.php?rest_route=\/wp\/v2\/product\/8753"}],"collection":[{"href":"https:\/\/www.cocoonstock.org\/index.php?rest_route=\/wp\/v2\/product"}],"about":[{"href":"https:\/\/www.cocoonstock.org\/index.php?rest_route=\/wp\/v2\/types\/product"}],"version-history":[{"count":1,"href":"https:\/\/www.cocoonstock.org\/index.php?rest_route=\/wp\/v2\/product\/8753\/revisions"}],"predecessor-version":[{"id":8755,"href":"https:\/\/www.cocoonstock.org\/index.php?rest_route=\/wp\/v2\/product\/8753\/revisions\/8755"}],"wp:featuredmedia":[{"embeddable":true,"href":"https:\/\/www.cocoonstock.org\/index.php?rest_route=\/wp\/v2\/media\/8754"}],"wp:attachment":[{"href":"https:\/\/www.cocoonstock.org\/index.php?rest_route=%2Fwp%2Fv2%2Fmedia&parent=8753"}],"wp:term":[{"taxonomy":"product_cat","embeddable":true,"href":"https:\/\/www.cocoonstock.org\/index.php?rest_route=%2Fwp%2Fv2%2Fproduct_cat&post=8753"},{"taxonomy":"product_tag","embeddable":true,"href":"https:\/\/www.cocoonstock.org\/index.php?rest_route=%2Fwp%2Fv2%2Fproduct_tag&post=8753"}],"curies":[{"name":"wp","href":"https:\/\/api.w.org\/{rel}","templated":true}]}}