{"id":8712,"date":"2024-03-31T07:47:32","date_gmt":"2024-03-31T05:47:32","guid":{"rendered":"https:\/\/www.cocoonstock.org\/?post_type=product&#038;p=8712"},"modified":"2026-02-16T13:03:31","modified_gmt":"2026-02-16T12:03:31","slug":"velo-blanc-decoratif-a-3-paniers","status":"publish","type":"product","link":"https:\/\/www.cocoonstock.org\/?product=velo-blanc-decoratif-a-3-paniers","title":{"rendered":"V\u00e9lo blanc d\u00e9coratif \u00e0 3 paniers"},"content":{"rendered":"","protected":false},"excerpt":{"rendered":"<h6><em>Tous les prix sont en dirhams, hors taxes<br \/>\nTous les prix s\u2019entendent hors frais logistique, production, consommables.<\/em><\/h6>\n","protected":false},"featured_media":8713,"template":"","meta":[],"product_cat":[296],"product_tag":[373,377,376],"_links":{"self":[{"href":"https:\/\/www.cocoonstock.org\/index.php?rest_route=\/wp\/v2\/product\/8712"}],"collection":[{"href":"https:\/\/www.cocoonstock.org\/index.php?rest_route=\/wp\/v2\/product"}],"about":[{"href":"https:\/\/www.cocoonstock.org\/index.php?rest_route=\/wp\/v2\/types\/product"}],"version-history":[{"count":1,"href":"https:\/\/www.cocoonstock.org\/index.php?rest_route=\/wp\/v2\/product\/8712\/revisions"}],"predecessor-version":[{"id":8714,"href":"https:\/\/www.cocoonstock.org\/index.php?rest_route=\/wp\/v2\/product\/8712\/revisions\/8714"}],"wp:featuredmedia":[{"embeddable":true,"href":"https:\/\/www.cocoonstock.org\/index.php?rest_route=\/wp\/v2\/media\/8713"}],"wp:attachment":[{"href":"https:\/\/www.cocoonstock.org\/index.php?rest_route=%2Fwp%2Fv2%2Fmedia&parent=8712"}],"wp:term":[{"taxonomy":"product_cat","embeddable":true,"href":"https:\/\/www.cocoonstock.org\/index.php?rest_route=%2Fwp%2Fv2%2Fproduct_cat&post=8712"},{"taxonomy":"product_tag","embeddable":true,"href":"https:\/\/www.cocoonstock.org\/index.php?rest_route=%2Fwp%2Fv2%2Fproduct_tag&post=8712"}],"curies":[{"name":"wp","href":"https:\/\/api.w.org\/{rel}","templated":true}]}}