{"id":8709,"date":"2024-03-31T07:45:37","date_gmt":"2024-03-31T05:45:37","guid":{"rendered":"https:\/\/www.cocoonstock.org\/?post_type=product&#038;p=8709"},"modified":"2026-02-16T13:03:39","modified_gmt":"2026-02-16T12:03:39","slug":"velo-blanc-decoratif-a-1-panier","status":"publish","type":"product","link":"https:\/\/www.cocoonstock.org\/?product=velo-blanc-decoratif-a-1-panier","title":{"rendered":"V\u00e9lo blanc d\u00e9coratif \u00e0 1 panier"},"content":{"rendered":"","protected":false},"excerpt":{"rendered":"<h6><em>Tous les prix sont en dirhams, hors taxes<br \/>\nTous les prix s\u2019entendent hors frais logistique, production, consommables.<\/em><\/h6>\n","protected":false},"featured_media":8710,"template":"","meta":[],"product_cat":[296],"product_tag":[373,377,376],"_links":{"self":[{"href":"https:\/\/www.cocoonstock.org\/index.php?rest_route=\/wp\/v2\/product\/8709"}],"collection":[{"href":"https:\/\/www.cocoonstock.org\/index.php?rest_route=\/wp\/v2\/product"}],"about":[{"href":"https:\/\/www.cocoonstock.org\/index.php?rest_route=\/wp\/v2\/types\/product"}],"version-history":[{"count":1,"href":"https:\/\/www.cocoonstock.org\/index.php?rest_route=\/wp\/v2\/product\/8709\/revisions"}],"predecessor-version":[{"id":8711,"href":"https:\/\/www.cocoonstock.org\/index.php?rest_route=\/wp\/v2\/product\/8709\/revisions\/8711"}],"wp:featuredmedia":[{"embeddable":true,"href":"https:\/\/www.cocoonstock.org\/index.php?rest_route=\/wp\/v2\/media\/8710"}],"wp:attachment":[{"href":"https:\/\/www.cocoonstock.org\/index.php?rest_route=%2Fwp%2Fv2%2Fmedia&parent=8709"}],"wp:term":[{"taxonomy":"product_cat","embeddable":true,"href":"https:\/\/www.cocoonstock.org\/index.php?rest_route=%2Fwp%2Fv2%2Fproduct_cat&post=8709"},{"taxonomy":"product_tag","embeddable":true,"href":"https:\/\/www.cocoonstock.org\/index.php?rest_route=%2Fwp%2Fv2%2Fproduct_tag&post=8709"}],"curies":[{"name":"wp","href":"https:\/\/api.w.org\/{rel}","templated":true}]}}