{"id":8586,"date":"2024-03-31T00:47:54","date_gmt":"2024-03-30T23:47:54","guid":{"rendered":"https:\/\/www.cocoonstock.org\/?post_type=product&#038;p=8586"},"modified":"2026-02-12T17:36:02","modified_gmt":"2026-02-12T16:36:02","slug":"pomme-de-pin-de-noel-argente-et-paillete","status":"publish","type":"product","link":"https:\/\/www.cocoonstock.org\/?product=pomme-de-pin-de-noel-argente-et-paillete","title":{"rendered":"Pomme de pin de No\u00ebl, argent\u00e9e et paillet\u00e9e"},"content":{"rendered":"","protected":false},"excerpt":{"rendered":"<h6>H 5cm<\/h6>\n<h6><em>Tous les prix sont en dirhams, hors taxes<br \/>\nTous les prix s\u2019entendent hors frais logistique, production, consommables.<\/em><\/h6>\n","protected":false},"featured_media":8588,"template":"","meta":[],"product_cat":[313],"product_tag":[373,377,376],"_links":{"self":[{"href":"https:\/\/www.cocoonstock.org\/index.php?rest_route=\/wp\/v2\/product\/8586"}],"collection":[{"href":"https:\/\/www.cocoonstock.org\/index.php?rest_route=\/wp\/v2\/product"}],"about":[{"href":"https:\/\/www.cocoonstock.org\/index.php?rest_route=\/wp\/v2\/types\/product"}],"version-history":[{"count":2,"href":"https:\/\/www.cocoonstock.org\/index.php?rest_route=\/wp\/v2\/product\/8586\/revisions"}],"predecessor-version":[{"id":8593,"href":"https:\/\/www.cocoonstock.org\/index.php?rest_route=\/wp\/v2\/product\/8586\/revisions\/8593"}],"wp:featuredmedia":[{"embeddable":true,"href":"https:\/\/www.cocoonstock.org\/index.php?rest_route=\/wp\/v2\/media\/8588"}],"wp:attachment":[{"href":"https:\/\/www.cocoonstock.org\/index.php?rest_route=%2Fwp%2Fv2%2Fmedia&parent=8586"}],"wp:term":[{"taxonomy":"product_cat","embeddable":true,"href":"https:\/\/www.cocoonstock.org\/index.php?rest_route=%2Fwp%2Fv2%2Fproduct_cat&post=8586"},{"taxonomy":"product_tag","embeddable":true,"href":"https:\/\/www.cocoonstock.org\/index.php?rest_route=%2Fwp%2Fv2%2Fproduct_tag&post=8586"}],"curies":[{"name":"wp","href":"https:\/\/api.w.org\/{rel}","templated":true}]}}