{"id":8511,"date":"2024-03-30T22:19:15","date_gmt":"2024-03-30T21:19:15","guid":{"rendered":"https:\/\/www.cocoonstock.org\/?post_type=product&#038;p=8511"},"modified":"2026-02-12T17:28:07","modified_gmt":"2026-02-12T16:28:07","slug":"boule-decorative-de-noel-rouge-a-dentelle-fleurie","status":"publish","type":"product","link":"https:\/\/www.cocoonstock.org\/?product=boule-decorative-de-noel-rouge-a-dentelle-fleurie","title":{"rendered":"Boule d\u00e9corative de No\u00ebl LED, rouge \u00e0 dentelle fleurie"},"content":{"rendered":"","protected":false},"excerpt":{"rendered":"<h6><em>D 15cm<\/em><\/h6>\n<h6><em>Tous les prix sont en dirhams, hors taxes<br \/>\nTous les prix s\u2019entendent hors frais logistique, production, consommables.<\/em><\/h6>\n","protected":false},"featured_media":8512,"template":"","meta":[],"product_cat":[313],"product_tag":[373,377,376],"_links":{"self":[{"href":"https:\/\/www.cocoonstock.org\/index.php?rest_route=\/wp\/v2\/product\/8511"}],"collection":[{"href":"https:\/\/www.cocoonstock.org\/index.php?rest_route=\/wp\/v2\/product"}],"about":[{"href":"https:\/\/www.cocoonstock.org\/index.php?rest_route=\/wp\/v2\/types\/product"}],"version-history":[{"count":2,"href":"https:\/\/www.cocoonstock.org\/index.php?rest_route=\/wp\/v2\/product\/8511\/revisions"}],"predecessor-version":[{"id":8937,"href":"https:\/\/www.cocoonstock.org\/index.php?rest_route=\/wp\/v2\/product\/8511\/revisions\/8937"}],"wp:featuredmedia":[{"embeddable":true,"href":"https:\/\/www.cocoonstock.org\/index.php?rest_route=\/wp\/v2\/media\/8512"}],"wp:attachment":[{"href":"https:\/\/www.cocoonstock.org\/index.php?rest_route=%2Fwp%2Fv2%2Fmedia&parent=8511"}],"wp:term":[{"taxonomy":"product_cat","embeddable":true,"href":"https:\/\/www.cocoonstock.org\/index.php?rest_route=%2Fwp%2Fv2%2Fproduct_cat&post=8511"},{"taxonomy":"product_tag","embeddable":true,"href":"https:\/\/www.cocoonstock.org\/index.php?rest_route=%2Fwp%2Fv2%2Fproduct_tag&post=8511"}],"curies":[{"name":"wp","href":"https:\/\/api.w.org\/{rel}","templated":true}]}}