{"id":8415,"date":"2024-03-30T11:48:02","date_gmt":"2024-03-30T10:48:02","guid":{"rendered":"https:\/\/www.cocoonstock.org\/?post_type=product&#038;p=8415"},"modified":"2026-02-25T05:50:43","modified_gmt":"2026-02-25T04:50:43","slug":"boule-decorative-de-noel-bleu-paillete-t1","status":"publish","type":"product","link":"https:\/\/www.cocoonstock.org\/?product=boule-decorative-de-noel-bleu-paillete-t1","title":{"rendered":"Boule d\u00e9corative de No\u00ebl, bleu paillet\u00e9 (T1)"},"content":{"rendered":"","protected":false},"excerpt":{"rendered":"<h6>D 3,5cm<\/h6>\n<h6><em>Tous les prix sont en dirhams, hors taxes<br \/>\nTous les prix s\u2019entendent hors frais logistique, production, consommables.<\/em><\/h6>\n","protected":false},"featured_media":8416,"template":"","meta":[],"product_cat":[313],"product_tag":[373,377,376],"_links":{"self":[{"href":"https:\/\/www.cocoonstock.org\/index.php?rest_route=\/wp\/v2\/product\/8415"}],"collection":[{"href":"https:\/\/www.cocoonstock.org\/index.php?rest_route=\/wp\/v2\/product"}],"about":[{"href":"https:\/\/www.cocoonstock.org\/index.php?rest_route=\/wp\/v2\/types\/product"}],"version-history":[{"count":2,"href":"https:\/\/www.cocoonstock.org\/index.php?rest_route=\/wp\/v2\/product\/8415\/revisions"}],"predecessor-version":[{"id":12293,"href":"https:\/\/www.cocoonstock.org\/index.php?rest_route=\/wp\/v2\/product\/8415\/revisions\/12293"}],"wp:featuredmedia":[{"embeddable":true,"href":"https:\/\/www.cocoonstock.org\/index.php?rest_route=\/wp\/v2\/media\/8416"}],"wp:attachment":[{"href":"https:\/\/www.cocoonstock.org\/index.php?rest_route=%2Fwp%2Fv2%2Fmedia&parent=8415"}],"wp:term":[{"taxonomy":"product_cat","embeddable":true,"href":"https:\/\/www.cocoonstock.org\/index.php?rest_route=%2Fwp%2Fv2%2Fproduct_cat&post=8415"},{"taxonomy":"product_tag","embeddable":true,"href":"https:\/\/www.cocoonstock.org\/index.php?rest_route=%2Fwp%2Fv2%2Fproduct_tag&post=8415"}],"curies":[{"name":"wp","href":"https:\/\/api.w.org\/{rel}","templated":true}]}}