{"id":8230,"date":"2024-03-25T11:09:35","date_gmt":"2024-03-25T10:09:35","guid":{"rendered":"https:\/\/www.cocoonstock.org\/?post_type=product&#038;p=8230"},"modified":"2025-03-10T21:13:56","modified_gmt":"2025-03-10T20:13:56","slug":"brasero-a-la-bougie-pietement-metal-pm","status":"publish","type":"product","link":"https:\/\/www.cocoonstock.org\/?product=brasero-a-la-bougie-pietement-metal-pm","title":{"rendered":"Brasero \u00e0 la bougie, pi\u00e8tement m\u00e9tal &#8211; PM"},"content":{"rendered":"","protected":false},"excerpt":{"rendered":"<h6><em>D25cm<\/em><\/h6>\n<h6><em>Tous les prix sont en dirhams, hors taxes<br \/>\nTous les prix s\u2019entendent hors frais logistique, production, consommables.<\/em><\/h6>\n","protected":false},"featured_media":8231,"template":"","meta":[],"product_cat":[319],"product_tag":[],"_links":{"self":[{"href":"https:\/\/www.cocoonstock.org\/index.php?rest_route=\/wp\/v2\/product\/8230"}],"collection":[{"href":"https:\/\/www.cocoonstock.org\/index.php?rest_route=\/wp\/v2\/product"}],"about":[{"href":"https:\/\/www.cocoonstock.org\/index.php?rest_route=\/wp\/v2\/types\/product"}],"version-history":[{"count":1,"href":"https:\/\/www.cocoonstock.org\/index.php?rest_route=\/wp\/v2\/product\/8230\/revisions"}],"predecessor-version":[{"id":8232,"href":"https:\/\/www.cocoonstock.org\/index.php?rest_route=\/wp\/v2\/product\/8230\/revisions\/8232"}],"wp:featuredmedia":[{"embeddable":true,"href":"https:\/\/www.cocoonstock.org\/index.php?rest_route=\/wp\/v2\/media\/8231"}],"wp:attachment":[{"href":"https:\/\/www.cocoonstock.org\/index.php?rest_route=%2Fwp%2Fv2%2Fmedia&parent=8230"}],"wp:term":[{"taxonomy":"product_cat","embeddable":true,"href":"https:\/\/www.cocoonstock.org\/index.php?rest_route=%2Fwp%2Fv2%2Fproduct_cat&post=8230"},{"taxonomy":"product_tag","embeddable":true,"href":"https:\/\/www.cocoonstock.org\/index.php?rest_route=%2Fwp%2Fv2%2Fproduct_tag&post=8230"}],"curies":[{"name":"wp","href":"https:\/\/api.w.org\/{rel}","templated":true}]}}