{"id":8224,"date":"2024-03-25T11:03:31","date_gmt":"2024-03-25T10:03:31","guid":{"rendered":"https:\/\/www.cocoonstock.org\/?post_type=product&#038;p=8224"},"modified":"2024-03-25T11:03:31","modified_gmt":"2024-03-25T10:03:31","slug":"brasero-a-la-bougie-pietement-metal-mm","status":"publish","type":"product","link":"https:\/\/www.cocoonstock.org\/?product=brasero-a-la-bougie-pietement-metal-mm","title":{"rendered":"Brasero \u00e0 la bougie, pi\u00e8tement m\u00e9tal &#8211; MM"},"content":{"rendered":"","protected":false},"excerpt":{"rendered":"<h6><em>D60cm<\/em><\/h6>\n<h6><em>Tous les prix sont en dirhams, hors taxes<br \/>\nTous les prix s\u2019entendent hors frais logistique, production, consommables.<\/em><\/h6>\n","protected":false},"featured_media":8225,"template":"","meta":[],"product_cat":[319],"product_tag":[],"_links":{"self":[{"href":"https:\/\/www.cocoonstock.org\/index.php?rest_route=\/wp\/v2\/product\/8224"}],"collection":[{"href":"https:\/\/www.cocoonstock.org\/index.php?rest_route=\/wp\/v2\/product"}],"about":[{"href":"https:\/\/www.cocoonstock.org\/index.php?rest_route=\/wp\/v2\/types\/product"}],"version-history":[{"count":1,"href":"https:\/\/www.cocoonstock.org\/index.php?rest_route=\/wp\/v2\/product\/8224\/revisions"}],"predecessor-version":[{"id":8226,"href":"https:\/\/www.cocoonstock.org\/index.php?rest_route=\/wp\/v2\/product\/8224\/revisions\/8226"}],"wp:featuredmedia":[{"embeddable":true,"href":"https:\/\/www.cocoonstock.org\/index.php?rest_route=\/wp\/v2\/media\/8225"}],"wp:attachment":[{"href":"https:\/\/www.cocoonstock.org\/index.php?rest_route=%2Fwp%2Fv2%2Fmedia&parent=8224"}],"wp:term":[{"taxonomy":"product_cat","embeddable":true,"href":"https:\/\/www.cocoonstock.org\/index.php?rest_route=%2Fwp%2Fv2%2Fproduct_cat&post=8224"},{"taxonomy":"product_tag","embeddable":true,"href":"https:\/\/www.cocoonstock.org\/index.php?rest_route=%2Fwp%2Fv2%2Fproduct_tag&post=8224"}],"curies":[{"name":"wp","href":"https:\/\/api.w.org\/{rel}","templated":true}]}}