{"id":8157,"date":"2024-03-23T14:04:45","date_gmt":"2024-03-23T13:04:45","guid":{"rendered":"https:\/\/www.cocoonstock.org\/?post_type=product&#038;p=8157"},"modified":"2026-02-21T11:15:23","modified_gmt":"2026-02-21T10:15:23","slug":"cendrier-ceramique-blanc-a-motif-dore","status":"publish","type":"product","link":"https:\/\/www.cocoonstock.org\/?product=cendrier-ceramique-blanc-a-motif-dore","title":{"rendered":"Cendrier c\u00e9ramique, blanc \u00e0 motif dor\u00e9"},"content":{"rendered":"","protected":false},"excerpt":{"rendered":"<h6><em>Tous les prix sont en dirhams, hors taxes<br \/>\nTous les prix s\u2019entendent hors frais logistique, production, consommables.<\/em><\/h6>\n","protected":false},"featured_media":8158,"template":"","meta":[],"product_cat":[352],"product_tag":[373,377,393],"_links":{"self":[{"href":"https:\/\/www.cocoonstock.org\/index.php?rest_route=\/wp\/v2\/product\/8157"}],"collection":[{"href":"https:\/\/www.cocoonstock.org\/index.php?rest_route=\/wp\/v2\/product"}],"about":[{"href":"https:\/\/www.cocoonstock.org\/index.php?rest_route=\/wp\/v2\/types\/product"}],"version-history":[{"count":2,"href":"https:\/\/www.cocoonstock.org\/index.php?rest_route=\/wp\/v2\/product\/8157\/revisions"}],"predecessor-version":[{"id":8377,"href":"https:\/\/www.cocoonstock.org\/index.php?rest_route=\/wp\/v2\/product\/8157\/revisions\/8377"}],"wp:featuredmedia":[{"embeddable":true,"href":"https:\/\/www.cocoonstock.org\/index.php?rest_route=\/wp\/v2\/media\/8158"}],"wp:attachment":[{"href":"https:\/\/www.cocoonstock.org\/index.php?rest_route=%2Fwp%2Fv2%2Fmedia&parent=8157"}],"wp:term":[{"taxonomy":"product_cat","embeddable":true,"href":"https:\/\/www.cocoonstock.org\/index.php?rest_route=%2Fwp%2Fv2%2Fproduct_cat&post=8157"},{"taxonomy":"product_tag","embeddable":true,"href":"https:\/\/www.cocoonstock.org\/index.php?rest_route=%2Fwp%2Fv2%2Fproduct_tag&post=8157"}],"curies":[{"name":"wp","href":"https:\/\/api.w.org\/{rel}","templated":true}]}}