{"id":7969,"date":"2024-03-05T14:45:26","date_gmt":"2024-03-05T13:45:26","guid":{"rendered":"https:\/\/www.cocoonstock.org\/?post_type=product&#038;p=7969"},"modified":"2026-02-08T20:54:13","modified_gmt":"2026-02-08T19:54:13","slug":"bonbonniere-blanche-a-rayures-dorees-forme-octogonale-2","status":"publish","type":"product","link":"https:\/\/www.cocoonstock.org\/?product=bonbonniere-blanche-a-rayures-dorees-forme-octogonale-2","title":{"rendered":"Bonbonni\u00e8re blanche \u00e0 rayures dor\u00e9es &#8211; forme octogonale"},"content":{"rendered":"","protected":false},"excerpt":{"rendered":"<h6><em>H30cm D20cm<\/em><\/h6>\n<h6><em>Tous les prix sont en dirhams, hors taxes<br \/>\nTous les prix s\u2019entendent hors frais logistique, production, consommables.<\/em><\/h6>\n","protected":false},"featured_media":7970,"template":"","meta":[],"product_cat":[272],"product_tag":[373,377,376],"_links":{"self":[{"href":"https:\/\/www.cocoonstock.org\/index.php?rest_route=\/wp\/v2\/product\/7969"}],"collection":[{"href":"https:\/\/www.cocoonstock.org\/index.php?rest_route=\/wp\/v2\/product"}],"about":[{"href":"https:\/\/www.cocoonstock.org\/index.php?rest_route=\/wp\/v2\/types\/product"}],"version-history":[{"count":2,"href":"https:\/\/www.cocoonstock.org\/index.php?rest_route=\/wp\/v2\/product\/7969\/revisions"}],"predecessor-version":[{"id":7972,"href":"https:\/\/www.cocoonstock.org\/index.php?rest_route=\/wp\/v2\/product\/7969\/revisions\/7972"}],"wp:featuredmedia":[{"embeddable":true,"href":"https:\/\/www.cocoonstock.org\/index.php?rest_route=\/wp\/v2\/media\/7970"}],"wp:attachment":[{"href":"https:\/\/www.cocoonstock.org\/index.php?rest_route=%2Fwp%2Fv2%2Fmedia&parent=7969"}],"wp:term":[{"taxonomy":"product_cat","embeddable":true,"href":"https:\/\/www.cocoonstock.org\/index.php?rest_route=%2Fwp%2Fv2%2Fproduct_cat&post=7969"},{"taxonomy":"product_tag","embeddable":true,"href":"https:\/\/www.cocoonstock.org\/index.php?rest_route=%2Fwp%2Fv2%2Fproduct_tag&post=7969"}],"curies":[{"name":"wp","href":"https:\/\/api.w.org\/{rel}","templated":true}]}}