{"id":7717,"date":"2024-02-23T18:50:20","date_gmt":"2024-02-23T17:50:20","guid":{"rendered":"https:\/\/www.cocoonstock.org\/?post_type=product&#038;p=7717"},"modified":"2026-02-11T16:40:12","modified_gmt":"2026-02-11T15:40:12","slug":"ananas-decorarifs-serie-de-3","status":"publish","type":"product","link":"https:\/\/www.cocoonstock.org\/?product=ananas-decorarifs-serie-de-3","title":{"rendered":"Ananas d\u00e9corarifs &#8211; S\u00e9rie de 3"},"content":{"rendered":"","protected":false},"excerpt":{"rendered":"<p>S\u00e9rie de 3 ananas (H11 &#8211; H19 &#8211; H32)<\/p>\n<p><em>Tous les prix sont en dirhams, hors taxes<br \/>\nTous les prix s\u2019entendent hors frais logistique, production, consommables.<\/em><\/p>\n<p>H32 &#8211; 10 \/\/ H 19 &#8211; 9 \/\/ H11 &#8211; 12<\/p>\n<p>&nbsp;<\/p>\n","protected":false},"featured_media":7536,"template":"","meta":[],"product_cat":[270],"product_tag":[373,377,383],"_links":{"self":[{"href":"https:\/\/www.cocoonstock.org\/index.php?rest_route=\/wp\/v2\/product\/7717"}],"collection":[{"href":"https:\/\/www.cocoonstock.org\/index.php?rest_route=\/wp\/v2\/product"}],"about":[{"href":"https:\/\/www.cocoonstock.org\/index.php?rest_route=\/wp\/v2\/types\/product"}],"version-history":[{"count":4,"href":"https:\/\/www.cocoonstock.org\/index.php?rest_route=\/wp\/v2\/product\/7717\/revisions"}],"predecessor-version":[{"id":11974,"href":"https:\/\/www.cocoonstock.org\/index.php?rest_route=\/wp\/v2\/product\/7717\/revisions\/11974"}],"wp:featuredmedia":[{"embeddable":true,"href":"https:\/\/www.cocoonstock.org\/index.php?rest_route=\/wp\/v2\/media\/7536"}],"wp:attachment":[{"href":"https:\/\/www.cocoonstock.org\/index.php?rest_route=%2Fwp%2Fv2%2Fmedia&parent=7717"}],"wp:term":[{"taxonomy":"product_cat","embeddable":true,"href":"https:\/\/www.cocoonstock.org\/index.php?rest_route=%2Fwp%2Fv2%2Fproduct_cat&post=7717"},{"taxonomy":"product_tag","embeddable":true,"href":"https:\/\/www.cocoonstock.org\/index.php?rest_route=%2Fwp%2Fv2%2Fproduct_tag&post=7717"}],"curies":[{"name":"wp","href":"https:\/\/api.w.org\/{rel}","templated":true}]}}