{"id":12157,"date":"2026-02-15T18:11:33","date_gmt":"2026-02-15T17:11:33","guid":{"rendered":"https:\/\/www.cocoonstock.org\/?post_type=product&#038;p=12157"},"modified":"2026-02-25T05:44:19","modified_gmt":"2026-02-25T04:44:19","slug":"boule-decorative-de-noel-rouge-pailletee-t3","status":"publish","type":"product","link":"https:\/\/www.cocoonstock.org\/?product=boule-decorative-de-noel-rouge-pailletee-t3","title":{"rendered":"Boule d\u00e9corative de No\u00ebl, rouge paillet\u00e9e (T3)"},"content":{"rendered":"","protected":false},"excerpt":{"rendered":"<h6>D 5cm<\/h6>\n<h6><em>Tous les prix sont en dirhams, hors taxes<br \/>\nTous les prix s\u2019entendent hors frais logistique, production, consommables.<\/em><\/h6>\n","protected":false},"featured_media":12158,"template":"","meta":[],"product_cat":[313],"product_tag":[373,377,376],"_links":{"self":[{"href":"https:\/\/www.cocoonstock.org\/index.php?rest_route=\/wp\/v2\/product\/12157"}],"collection":[{"href":"https:\/\/www.cocoonstock.org\/index.php?rest_route=\/wp\/v2\/product"}],"about":[{"href":"https:\/\/www.cocoonstock.org\/index.php?rest_route=\/wp\/v2\/types\/product"}],"version-history":[{"count":2,"href":"https:\/\/www.cocoonstock.org\/index.php?rest_route=\/wp\/v2\/product\/12157\/revisions"}],"predecessor-version":[{"id":12277,"href":"https:\/\/www.cocoonstock.org\/index.php?rest_route=\/wp\/v2\/product\/12157\/revisions\/12277"}],"wp:featuredmedia":[{"embeddable":true,"href":"https:\/\/www.cocoonstock.org\/index.php?rest_route=\/wp\/v2\/media\/12158"}],"wp:attachment":[{"href":"https:\/\/www.cocoonstock.org\/index.php?rest_route=%2Fwp%2Fv2%2Fmedia&parent=12157"}],"wp:term":[{"taxonomy":"product_cat","embeddable":true,"href":"https:\/\/www.cocoonstock.org\/index.php?rest_route=%2Fwp%2Fv2%2Fproduct_cat&post=12157"},{"taxonomy":"product_tag","embeddable":true,"href":"https:\/\/www.cocoonstock.org\/index.php?rest_route=%2Fwp%2Fv2%2Fproduct_tag&post=12157"}],"curies":[{"name":"wp","href":"https:\/\/api.w.org\/{rel}","templated":true}]}}