{"id":11975,"date":"2026-02-11T17:47:15","date_gmt":"2026-02-11T16:47:15","guid":{"rendered":"https:\/\/www.cocoonstock.org\/?post_type=product&#038;p=11975"},"modified":"2026-02-25T05:32:27","modified_gmt":"2026-02-25T04:32:27","slug":"telephone-a-cadran-couleur-laiton","status":"publish","type":"product","link":"https:\/\/www.cocoonstock.org\/?product=telephone-a-cadran-couleur-laiton","title":{"rendered":"T\u00e9l\u00e9phone \u00e0 cadran couleur laiton"},"content":{"rendered":"","protected":false},"excerpt":{"rendered":"<h6><em>Tous les prix sont en dirhams, hors taxes<br \/>\nTous les prix s\u2019entendent hors frais logistique, production, consommables.<\/em><\/h6>\n","protected":false},"featured_media":11976,"template":"","meta":[],"product_cat":[275],"product_tag":[373,377,383],"_links":{"self":[{"href":"https:\/\/www.cocoonstock.org\/index.php?rest_route=\/wp\/v2\/product\/11975"}],"collection":[{"href":"https:\/\/www.cocoonstock.org\/index.php?rest_route=\/wp\/v2\/product"}],"about":[{"href":"https:\/\/www.cocoonstock.org\/index.php?rest_route=\/wp\/v2\/types\/product"}],"version-history":[{"count":2,"href":"https:\/\/www.cocoonstock.org\/index.php?rest_route=\/wp\/v2\/product\/11975\/revisions"}],"predecessor-version":[{"id":12266,"href":"https:\/\/www.cocoonstock.org\/index.php?rest_route=\/wp\/v2\/product\/11975\/revisions\/12266"}],"wp:featuredmedia":[{"embeddable":true,"href":"https:\/\/www.cocoonstock.org\/index.php?rest_route=\/wp\/v2\/media\/11976"}],"wp:attachment":[{"href":"https:\/\/www.cocoonstock.org\/index.php?rest_route=%2Fwp%2Fv2%2Fmedia&parent=11975"}],"wp:term":[{"taxonomy":"product_cat","embeddable":true,"href":"https:\/\/www.cocoonstock.org\/index.php?rest_route=%2Fwp%2Fv2%2Fproduct_cat&post=11975"},{"taxonomy":"product_tag","embeddable":true,"href":"https:\/\/www.cocoonstock.org\/index.php?rest_route=%2Fwp%2Fv2%2Fproduct_tag&post=11975"}],"curies":[{"name":"wp","href":"https:\/\/api.w.org\/{rel}","templated":true}]}}