{"id":11869,"date":"2026-02-05T18:25:24","date_gmt":"2026-02-05T17:25:24","guid":{"rendered":"https:\/\/www.cocoonstock.org\/?post_type=product&#038;p=11869"},"modified":"2026-02-25T05:11:23","modified_gmt":"2026-02-25T04:11:23","slug":"boite-a-bijoux-ronde-differentes-couleurs","status":"publish","type":"product","link":"https:\/\/www.cocoonstock.org\/?product=boite-a-bijoux-ronde-differentes-couleurs","title":{"rendered":"Bo\u00eete \u00e0 bijoux ronde &#8211; diff\u00e9rentes couleurs"},"content":{"rendered":"","protected":false},"excerpt":{"rendered":"<h6><em>Rose pale : 4 \/\/\u00a0<\/em><em>Rose fushia :3 \/\/\u00a0<\/em><em>Jaune : 4 \/\/ Rouge : 1 \/\/ Bordeaux : 3<\/em><\/h6>\n<h6><em>Tous les prix sont en dirhams, hors taxes<br \/>\nTous les prix s\u2019entendent hors frais logistique, production, consommables.<\/em><\/h6>\n","protected":false},"featured_media":11870,"template":"","meta":[],"product_cat":[363],"product_tag":[373,377,376],"_links":{"self":[{"href":"https:\/\/www.cocoonstock.org\/index.php?rest_route=\/wp\/v2\/product\/11869"}],"collection":[{"href":"https:\/\/www.cocoonstock.org\/index.php?rest_route=\/wp\/v2\/product"}],"about":[{"href":"https:\/\/www.cocoonstock.org\/index.php?rest_route=\/wp\/v2\/types\/product"}],"version-history":[{"count":3,"href":"https:\/\/www.cocoonstock.org\/index.php?rest_route=\/wp\/v2\/product\/11869\/revisions"}],"predecessor-version":[{"id":12242,"href":"https:\/\/www.cocoonstock.org\/index.php?rest_route=\/wp\/v2\/product\/11869\/revisions\/12242"}],"wp:featuredmedia":[{"embeddable":true,"href":"https:\/\/www.cocoonstock.org\/index.php?rest_route=\/wp\/v2\/media\/11870"}],"wp:attachment":[{"href":"https:\/\/www.cocoonstock.org\/index.php?rest_route=%2Fwp%2Fv2%2Fmedia&parent=11869"}],"wp:term":[{"taxonomy":"product_cat","embeddable":true,"href":"https:\/\/www.cocoonstock.org\/index.php?rest_route=%2Fwp%2Fv2%2Fproduct_cat&post=11869"},{"taxonomy":"product_tag","embeddable":true,"href":"https:\/\/www.cocoonstock.org\/index.php?rest_route=%2Fwp%2Fv2%2Fproduct_tag&post=11869"}],"curies":[{"name":"wp","href":"https:\/\/api.w.org\/{rel}","templated":true}]}}