{"id":11858,"date":"2026-02-05T15:17:11","date_gmt":"2026-02-05T14:17:11","guid":{"rendered":"https:\/\/www.cocoonstock.org\/?post_type=product&#038;p=11858"},"modified":"2026-02-25T06:20:31","modified_gmt":"2026-02-25T05:20:31","slug":"guirlande-led-eclairage-jaune","status":"publish","type":"product","link":"https:\/\/www.cocoonstock.org\/?product=guirlande-led-eclairage-jaune","title":{"rendered":"Guirlande led &#8211; \u00e9clairage jaune &#8211; 3M"},"content":{"rendered":"","protected":false},"excerpt":{"rendered":"<h6><em>T\u00eate de prise plate, adaptateur \u00e0 pr\u00e9voir<\/em><\/h6>\n<h6><em>Tous les prix sont en dirhams, hors taxes<br \/>\nTous les prix s\u2019entendent hors frais logistique, production, consommables.<\/em><\/h6>\n","protected":false},"featured_media":11859,"template":"","meta":[],"product_cat":[311],"product_tag":[373,377,376],"_links":{"self":[{"href":"https:\/\/www.cocoonstock.org\/index.php?rest_route=\/wp\/v2\/product\/11858"}],"collection":[{"href":"https:\/\/www.cocoonstock.org\/index.php?rest_route=\/wp\/v2\/product"}],"about":[{"href":"https:\/\/www.cocoonstock.org\/index.php?rest_route=\/wp\/v2\/types\/product"}],"version-history":[{"count":4,"href":"https:\/\/www.cocoonstock.org\/index.php?rest_route=\/wp\/v2\/product\/11858\/revisions"}],"predecessor-version":[{"id":12324,"href":"https:\/\/www.cocoonstock.org\/index.php?rest_route=\/wp\/v2\/product\/11858\/revisions\/12324"}],"wp:featuredmedia":[{"embeddable":true,"href":"https:\/\/www.cocoonstock.org\/index.php?rest_route=\/wp\/v2\/media\/11859"}],"wp:attachment":[{"href":"https:\/\/www.cocoonstock.org\/index.php?rest_route=%2Fwp%2Fv2%2Fmedia&parent=11858"}],"wp:term":[{"taxonomy":"product_cat","embeddable":true,"href":"https:\/\/www.cocoonstock.org\/index.php?rest_route=%2Fwp%2Fv2%2Fproduct_cat&post=11858"},{"taxonomy":"product_tag","embeddable":true,"href":"https:\/\/www.cocoonstock.org\/index.php?rest_route=%2Fwp%2Fv2%2Fproduct_tag&post=11858"}],"curies":[{"name":"wp","href":"https:\/\/api.w.org\/{rel}","templated":true}]}}