{"id":11517,"date":"2024-05-04T02:14:19","date_gmt":"2024-05-04T00:14:19","guid":{"rendered":"https:\/\/www.cocoonstock.org\/?post_type=product&#038;p=11517"},"modified":"2025-03-10T18:23:43","modified_gmt":"2025-03-10T17:23:43","slug":"nappe-en-fer-a-cheval-velours-emeraude","status":"publish","type":"product","link":"https:\/\/www.cocoonstock.org\/?product=nappe-en-fer-a-cheval-velours-emeraude","title":{"rendered":"Nappe en fer \u00e0 cheval, velours \u00e9meraude"},"content":{"rendered":"","protected":false},"excerpt":{"rendered":"<h6>Lin\u00e9aire de 10m<\/h6>\n<h6><em>Tous les prix sont en dirhams, hors taxes<br \/>\nTous les prix s\u2019entendent hors frais logistique, production, consommables.<\/em><\/h6>\n","protected":false},"featured_media":11760,"template":"","meta":[],"product_cat":[316],"product_tag":[],"_links":{"self":[{"href":"https:\/\/www.cocoonstock.org\/index.php?rest_route=\/wp\/v2\/product\/11517"}],"collection":[{"href":"https:\/\/www.cocoonstock.org\/index.php?rest_route=\/wp\/v2\/product"}],"about":[{"href":"https:\/\/www.cocoonstock.org\/index.php?rest_route=\/wp\/v2\/types\/product"}],"version-history":[{"count":1,"href":"https:\/\/www.cocoonstock.org\/index.php?rest_route=\/wp\/v2\/product\/11517\/revisions"}],"predecessor-version":[{"id":11518,"href":"https:\/\/www.cocoonstock.org\/index.php?rest_route=\/wp\/v2\/product\/11517\/revisions\/11518"}],"wp:featuredmedia":[{"embeddable":true,"href":"https:\/\/www.cocoonstock.org\/index.php?rest_route=\/wp\/v2\/media\/11760"}],"wp:attachment":[{"href":"https:\/\/www.cocoonstock.org\/index.php?rest_route=%2Fwp%2Fv2%2Fmedia&parent=11517"}],"wp:term":[{"taxonomy":"product_cat","embeddable":true,"href":"https:\/\/www.cocoonstock.org\/index.php?rest_route=%2Fwp%2Fv2%2Fproduct_cat&post=11517"},{"taxonomy":"product_tag","embeddable":true,"href":"https:\/\/www.cocoonstock.org\/index.php?rest_route=%2Fwp%2Fv2%2Fproduct_tag&post=11517"}],"curies":[{"name":"wp","href":"https:\/\/api.w.org\/{rel}","templated":true}]}}