{"id":11143,"date":"2024-04-24T14:29:25","date_gmt":"2024-04-24T12:29:25","guid":{"rendered":"https:\/\/www.cocoonstock.org\/?post_type=product&#038;p=11143"},"modified":"2026-02-08T19:48:24","modified_gmt":"2026-02-08T18:48:24","slug":"sachet-de-paillettes-dorees-a-coudres","status":"publish","type":"product","link":"https:\/\/www.cocoonstock.org\/?product=sachet-de-paillettes-dorees-a-coudres","title":{"rendered":"Sachet de paillettes dor\u00e9es \u00e0 coudres"},"content":{"rendered":"","protected":false},"excerpt":{"rendered":"<h6><em>Diam\u00e8tre : 16mm \/\/ sequin \u00e0 1 trou \/\/ paquet de 250g<\/em><\/h6>\n<h6><em>Tous les prix sont en dirhams, hors taxes<br \/>\nTous les prix s\u2019entendent hors frais logistique, production, consommables.<\/em><\/h6>\n","protected":false},"featured_media":11147,"template":"","meta":[],"product_cat":[357],"product_tag":[373,377,376],"_links":{"self":[{"href":"https:\/\/www.cocoonstock.org\/index.php?rest_route=\/wp\/v2\/product\/11143"}],"collection":[{"href":"https:\/\/www.cocoonstock.org\/index.php?rest_route=\/wp\/v2\/product"}],"about":[{"href":"https:\/\/www.cocoonstock.org\/index.php?rest_route=\/wp\/v2\/types\/product"}],"version-history":[{"count":1,"href":"https:\/\/www.cocoonstock.org\/index.php?rest_route=\/wp\/v2\/product\/11143\/revisions"}],"predecessor-version":[{"id":11148,"href":"https:\/\/www.cocoonstock.org\/index.php?rest_route=\/wp\/v2\/product\/11143\/revisions\/11148"}],"wp:featuredmedia":[{"embeddable":true,"href":"https:\/\/www.cocoonstock.org\/index.php?rest_route=\/wp\/v2\/media\/11147"}],"wp:attachment":[{"href":"https:\/\/www.cocoonstock.org\/index.php?rest_route=%2Fwp%2Fv2%2Fmedia&parent=11143"}],"wp:term":[{"taxonomy":"product_cat","embeddable":true,"href":"https:\/\/www.cocoonstock.org\/index.php?rest_route=%2Fwp%2Fv2%2Fproduct_cat&post=11143"},{"taxonomy":"product_tag","embeddable":true,"href":"https:\/\/www.cocoonstock.org\/index.php?rest_route=%2Fwp%2Fv2%2Fproduct_tag&post=11143"}],"curies":[{"name":"wp","href":"https:\/\/api.w.org\/{rel}","templated":true}]}}