{"id":10829,"date":"2024-04-18T15:33:41","date_gmt":"2024-04-18T13:33:41","guid":{"rendered":"https:\/\/www.cocoonstock.org\/?post_type=product&#038;p=10829"},"modified":"2024-04-18T15:33:42","modified_gmt":"2024-04-18T13:33:42","slug":"petite-bougie-led-decorative","status":"publish","type":"product","link":"https:\/\/www.cocoonstock.org\/?product=petite-bougie-led-decorative","title":{"rendered":"Petite bougie LED d\u00e9corative"},"content":{"rendered":"","protected":false},"excerpt":{"rendered":"<h6>Les 5 pi\u00e8ces sont tr\u00e8s abim\u00e9es, rouill\u00e9es&#8230;<\/h6>\n<h6><em>Tous les prix sont en dirhams, hors taxes<br \/>\nTous les prix s\u2019entendent hors frais logistique, production, consommables.<\/em><\/h6>\n","protected":false},"featured_media":10830,"template":"","meta":[],"product_cat":[361],"product_tag":[],"_links":{"self":[{"href":"https:\/\/www.cocoonstock.org\/index.php?rest_route=\/wp\/v2\/product\/10829"}],"collection":[{"href":"https:\/\/www.cocoonstock.org\/index.php?rest_route=\/wp\/v2\/product"}],"about":[{"href":"https:\/\/www.cocoonstock.org\/index.php?rest_route=\/wp\/v2\/types\/product"}],"version-history":[{"count":1,"href":"https:\/\/www.cocoonstock.org\/index.php?rest_route=\/wp\/v2\/product\/10829\/revisions"}],"predecessor-version":[{"id":10831,"href":"https:\/\/www.cocoonstock.org\/index.php?rest_route=\/wp\/v2\/product\/10829\/revisions\/10831"}],"wp:featuredmedia":[{"embeddable":true,"href":"https:\/\/www.cocoonstock.org\/index.php?rest_route=\/wp\/v2\/media\/10830"}],"wp:attachment":[{"href":"https:\/\/www.cocoonstock.org\/index.php?rest_route=%2Fwp%2Fv2%2Fmedia&parent=10829"}],"wp:term":[{"taxonomy":"product_cat","embeddable":true,"href":"https:\/\/www.cocoonstock.org\/index.php?rest_route=%2Fwp%2Fv2%2Fproduct_cat&post=10829"},{"taxonomy":"product_tag","embeddable":true,"href":"https:\/\/www.cocoonstock.org\/index.php?rest_route=%2Fwp%2Fv2%2Fproduct_tag&post=10829"}],"curies":[{"name":"wp","href":"https:\/\/api.w.org\/{rel}","templated":true}]}}