{"id":10728,"date":"2024-04-17T22:44:46","date_gmt":"2024-04-17T20:44:46","guid":{"rendered":"https:\/\/www.cocoonstock.org\/?post_type=product&#038;p=10728"},"modified":"2026-02-08T19:58:08","modified_gmt":"2026-02-08T18:58:08","slug":"coussin-toile-ecru-broderie-ecru","status":"publish","type":"product","link":"https:\/\/www.cocoonstock.org\/?product=coussin-toile-ecru-broderie-ecru","title":{"rendered":"Coussin toile \u00e9cru, broderie \u00e9cru berb\u00e8re"},"content":{"rendered":"","protected":false},"excerpt":{"rendered":"<h6><em>Dimension 40cm x 40cm<\/em><\/h6>\n<h6><em>Tous les prix sont en dirhams, hors taxes<br \/>\nTous les prix s\u2019entendent hors frais logistique, production, consommables.<\/em><\/h6>\n","protected":false},"featured_media":10729,"template":"","meta":[],"product_cat":[344],"product_tag":[373,374,376],"_links":{"self":[{"href":"https:\/\/www.cocoonstock.org\/index.php?rest_route=\/wp\/v2\/product\/10728"}],"collection":[{"href":"https:\/\/www.cocoonstock.org\/index.php?rest_route=\/wp\/v2\/product"}],"about":[{"href":"https:\/\/www.cocoonstock.org\/index.php?rest_route=\/wp\/v2\/types\/product"}],"version-history":[{"count":3,"href":"https:\/\/www.cocoonstock.org\/index.php?rest_route=\/wp\/v2\/product\/10728\/revisions"}],"predecessor-version":[{"id":11884,"href":"https:\/\/www.cocoonstock.org\/index.php?rest_route=\/wp\/v2\/product\/10728\/revisions\/11884"}],"wp:featuredmedia":[{"embeddable":true,"href":"https:\/\/www.cocoonstock.org\/index.php?rest_route=\/wp\/v2\/media\/10729"}],"wp:attachment":[{"href":"https:\/\/www.cocoonstock.org\/index.php?rest_route=%2Fwp%2Fv2%2Fmedia&parent=10728"}],"wp:term":[{"taxonomy":"product_cat","embeddable":true,"href":"https:\/\/www.cocoonstock.org\/index.php?rest_route=%2Fwp%2Fv2%2Fproduct_cat&post=10728"},{"taxonomy":"product_tag","embeddable":true,"href":"https:\/\/www.cocoonstock.org\/index.php?rest_route=%2Fwp%2Fv2%2Fproduct_tag&post=10728"}],"curies":[{"name":"wp","href":"https:\/\/api.w.org\/{rel}","templated":true}]}}