{"id":10614,"date":"2024-04-16T21:52:59","date_gmt":"2024-04-16T19:52:59","guid":{"rendered":"https:\/\/www.cocoonstock.org\/?post_type=product&#038;p=10614"},"modified":"2024-04-16T21:57:51","modified_gmt":"2024-04-16T19:57:51","slug":"ceinture-en-laine-berbere-a-paillettes-differentes-couleurs","status":"publish","type":"product","link":"https:\/\/www.cocoonstock.org\/?product=ceinture-en-laine-berbere-a-paillettes-differentes-couleurs","title":{"rendered":"Ceinture en laine berb\u00e8re \u00e0 paillettes &#8211; diff\u00e9rentes couleurs"},"content":{"rendered":"","protected":false},"excerpt":{"rendered":"<h6><em>Tous les prix sont en dirhams, hors taxes<br \/>\nTous les prix s\u2019entendent hors frais logistique, production, consommables.<\/em><\/h6>\n","protected":false},"featured_media":10615,"template":"","meta":[],"product_cat":[367],"product_tag":[],"_links":{"self":[{"href":"https:\/\/www.cocoonstock.org\/index.php?rest_route=\/wp\/v2\/product\/10614"}],"collection":[{"href":"https:\/\/www.cocoonstock.org\/index.php?rest_route=\/wp\/v2\/product"}],"about":[{"href":"https:\/\/www.cocoonstock.org\/index.php?rest_route=\/wp\/v2\/types\/product"}],"version-history":[{"count":1,"href":"https:\/\/www.cocoonstock.org\/index.php?rest_route=\/wp\/v2\/product\/10614\/revisions"}],"predecessor-version":[{"id":10616,"href":"https:\/\/www.cocoonstock.org\/index.php?rest_route=\/wp\/v2\/product\/10614\/revisions\/10616"}],"wp:featuredmedia":[{"embeddable":true,"href":"https:\/\/www.cocoonstock.org\/index.php?rest_route=\/wp\/v2\/media\/10615"}],"wp:attachment":[{"href":"https:\/\/www.cocoonstock.org\/index.php?rest_route=%2Fwp%2Fv2%2Fmedia&parent=10614"}],"wp:term":[{"taxonomy":"product_cat","embeddable":true,"href":"https:\/\/www.cocoonstock.org\/index.php?rest_route=%2Fwp%2Fv2%2Fproduct_cat&post=10614"},{"taxonomy":"product_tag","embeddable":true,"href":"https:\/\/www.cocoonstock.org\/index.php?rest_route=%2Fwp%2Fv2%2Fproduct_tag&post=10614"}],"curies":[{"name":"wp","href":"https:\/\/api.w.org\/{rel}","templated":true}]}}