{"id":10599,"date":"2024-04-16T21:24:23","date_gmt":"2024-04-16T19:24:23","guid":{"rendered":"https:\/\/www.cocoonstock.org\/?post_type=product&#038;p=10599"},"modified":"2024-04-16T21:25:03","modified_gmt":"2024-04-16T19:25:03","slug":"carreau-en-marbre-blanc-forme-arabesque","status":"publish","type":"product","link":"https:\/\/www.cocoonstock.org\/?product=carreau-en-marbre-blanc-forme-arabesque","title":{"rendered":"Carreau en marbre blanc, forme arabesque"},"content":{"rendered":"","protected":false},"excerpt":{"rendered":"<h6><em>Num\u00e9rotation en vinyle dor\u00e9, de 1 \u00e0 17 en anglais<\/em><\/h6>\n<h6><em>Tous les prix sont en dirhams, hors taxes<br \/>\nTous les prix s\u2019entendent hors frais logistique, production, consommables.<\/em><\/h6>\n","protected":false},"featured_media":10600,"template":"","meta":[],"product_cat":[314],"product_tag":[],"_links":{"self":[{"href":"https:\/\/www.cocoonstock.org\/index.php?rest_route=\/wp\/v2\/product\/10599"}],"collection":[{"href":"https:\/\/www.cocoonstock.org\/index.php?rest_route=\/wp\/v2\/product"}],"about":[{"href":"https:\/\/www.cocoonstock.org\/index.php?rest_route=\/wp\/v2\/types\/product"}],"version-history":[{"count":2,"href":"https:\/\/www.cocoonstock.org\/index.php?rest_route=\/wp\/v2\/product\/10599\/revisions"}],"predecessor-version":[{"id":10602,"href":"https:\/\/www.cocoonstock.org\/index.php?rest_route=\/wp\/v2\/product\/10599\/revisions\/10602"}],"wp:featuredmedia":[{"embeddable":true,"href":"https:\/\/www.cocoonstock.org\/index.php?rest_route=\/wp\/v2\/media\/10600"}],"wp:attachment":[{"href":"https:\/\/www.cocoonstock.org\/index.php?rest_route=%2Fwp%2Fv2%2Fmedia&parent=10599"}],"wp:term":[{"taxonomy":"product_cat","embeddable":true,"href":"https:\/\/www.cocoonstock.org\/index.php?rest_route=%2Fwp%2Fv2%2Fproduct_cat&post=10599"},{"taxonomy":"product_tag","embeddable":true,"href":"https:\/\/www.cocoonstock.org\/index.php?rest_route=%2Fwp%2Fv2%2Fproduct_tag&post=10599"}],"curies":[{"name":"wp","href":"https:\/\/api.w.org\/{rel}","templated":true}]}}