{"id":10498,"date":"2024-04-16T15:16:45","date_gmt":"2024-04-16T13:16:45","guid":{"rendered":"https:\/\/www.cocoonstock.org\/?post_type=product&#038;p=10498"},"modified":"2026-02-21T19:09:14","modified_gmt":"2026-02-21T18:09:14","slug":"cuillere-a-cafe-doree-a-manche-martele","status":"publish","type":"product","link":"https:\/\/www.cocoonstock.org\/?product=cuillere-a-cafe-doree-a-manche-martele","title":{"rendered":"Cuill\u00e8re \u00e0 caf\u00e9 dor\u00e9e, \u00e0 manche martel\u00e9"},"content":{"rendered":"","protected":false},"excerpt":{"rendered":"<h6><em>Tous les prix sont en dirhams, hors taxes<br \/>\nTous les prix s\u2019entendent hors frais logistique, production, consommables.<\/em><\/h6>\n","protected":false},"featured_media":10499,"template":"","meta":[],"product_cat":[268],"product_tag":[373,377,404],"_links":{"self":[{"href":"https:\/\/www.cocoonstock.org\/index.php?rest_route=\/wp\/v2\/product\/10498"}],"collection":[{"href":"https:\/\/www.cocoonstock.org\/index.php?rest_route=\/wp\/v2\/product"}],"about":[{"href":"https:\/\/www.cocoonstock.org\/index.php?rest_route=\/wp\/v2\/types\/product"}],"version-history":[{"count":1,"href":"https:\/\/www.cocoonstock.org\/index.php?rest_route=\/wp\/v2\/product\/10498\/revisions"}],"predecessor-version":[{"id":10500,"href":"https:\/\/www.cocoonstock.org\/index.php?rest_route=\/wp\/v2\/product\/10498\/revisions\/10500"}],"wp:featuredmedia":[{"embeddable":true,"href":"https:\/\/www.cocoonstock.org\/index.php?rest_route=\/wp\/v2\/media\/10499"}],"wp:attachment":[{"href":"https:\/\/www.cocoonstock.org\/index.php?rest_route=%2Fwp%2Fv2%2Fmedia&parent=10498"}],"wp:term":[{"taxonomy":"product_cat","embeddable":true,"href":"https:\/\/www.cocoonstock.org\/index.php?rest_route=%2Fwp%2Fv2%2Fproduct_cat&post=10498"},{"taxonomy":"product_tag","embeddable":true,"href":"https:\/\/www.cocoonstock.org\/index.php?rest_route=%2Fwp%2Fv2%2Fproduct_tag&post=10498"}],"curies":[{"name":"wp","href":"https:\/\/api.w.org\/{rel}","templated":true}]}}