{"id":10370,"date":"2024-04-15T22:44:48","date_gmt":"2024-04-15T20:44:48","guid":{"rendered":"https:\/\/www.cocoonstock.org\/?post_type=product&#038;p=10370"},"modified":"2024-04-25T15:49:20","modified_gmt":"2024-04-25T13:49:20","slug":"suspension-marocaine-doree-forme-boule-a-pointe-d-77cm","status":"publish","type":"product","link":"https:\/\/www.cocoonstock.org\/?product=suspension-marocaine-doree-forme-boule-a-pointe-d-77cm","title":{"rendered":"Suspension marocaine en t\u00f4le dor\u00e9e, forme boule \u00e0 pointe &#8211; D 77cm"},"content":{"rendered":"","protected":false},"excerpt":{"rendered":"<h6><em>Tous les prix sont en dirhams, hors taxes<br \/>\nTous les prix s\u2019entendent hors frais logistique, production, consommables.<\/em><\/h6>\n","protected":false},"featured_media":10371,"template":"","meta":[],"product_cat":[307],"product_tag":[],"_links":{"self":[{"href":"https:\/\/www.cocoonstock.org\/index.php?rest_route=\/wp\/v2\/product\/10370"}],"collection":[{"href":"https:\/\/www.cocoonstock.org\/index.php?rest_route=\/wp\/v2\/product"}],"about":[{"href":"https:\/\/www.cocoonstock.org\/index.php?rest_route=\/wp\/v2\/types\/product"}],"version-history":[{"count":2,"href":"https:\/\/www.cocoonstock.org\/index.php?rest_route=\/wp\/v2\/product\/10370\/revisions"}],"predecessor-version":[{"id":11235,"href":"https:\/\/www.cocoonstock.org\/index.php?rest_route=\/wp\/v2\/product\/10370\/revisions\/11235"}],"wp:featuredmedia":[{"embeddable":true,"href":"https:\/\/www.cocoonstock.org\/index.php?rest_route=\/wp\/v2\/media\/10371"}],"wp:attachment":[{"href":"https:\/\/www.cocoonstock.org\/index.php?rest_route=%2Fwp%2Fv2%2Fmedia&parent=10370"}],"wp:term":[{"taxonomy":"product_cat","embeddable":true,"href":"https:\/\/www.cocoonstock.org\/index.php?rest_route=%2Fwp%2Fv2%2Fproduct_cat&post=10370"},{"taxonomy":"product_tag","embeddable":true,"href":"https:\/\/www.cocoonstock.org\/index.php?rest_route=%2Fwp%2Fv2%2Fproduct_tag&post=10370"}],"curies":[{"name":"wp","href":"https:\/\/api.w.org\/{rel}","templated":true}]}}