{"id":10221,"date":"2024-04-12T03:06:36","date_gmt":"2024-04-12T01:06:36","guid":{"rendered":"https:\/\/www.cocoonstock.org\/?post_type=product&#038;p=10221"},"modified":"2025-08-12T00:59:39","modified_gmt":"2025-08-11T22:59:39","slug":"bougie-dans-pot-ceramique-blanc-a-motifs-bleus","status":"publish","type":"product","link":"https:\/\/www.cocoonstock.org\/?product=bougie-dans-pot-ceramique-blanc-a-motifs-bleus","title":{"rendered":"Bougie dans pot c\u00e9ramique blanc \u00e0 motifs verticaux (bleu ou noir)"},"content":{"rendered":"","protected":false},"excerpt":{"rendered":"<h6>3 \u00e0 motifs verticaux noirs, 7 \u00e0 motifs verticaux bleus<\/h6>\n<h6><em>Tous les prix sont en dirhams, hors taxes<br \/>\nTous les prix s\u2019entendent hors frais logistique, production, consommables.<\/em><\/h6>\n","protected":false},"featured_media":10537,"template":"","meta":[],"product_cat":[290],"product_tag":[],"_links":{"self":[{"href":"https:\/\/www.cocoonstock.org\/index.php?rest_route=\/wp\/v2\/product\/10221"}],"collection":[{"href":"https:\/\/www.cocoonstock.org\/index.php?rest_route=\/wp\/v2\/product"}],"about":[{"href":"https:\/\/www.cocoonstock.org\/index.php?rest_route=\/wp\/v2\/types\/product"}],"version-history":[{"count":3,"href":"https:\/\/www.cocoonstock.org\/index.php?rest_route=\/wp\/v2\/product\/10221\/revisions"}],"predecessor-version":[{"id":10538,"href":"https:\/\/www.cocoonstock.org\/index.php?rest_route=\/wp\/v2\/product\/10221\/revisions\/10538"}],"wp:featuredmedia":[{"embeddable":true,"href":"https:\/\/www.cocoonstock.org\/index.php?rest_route=\/wp\/v2\/media\/10537"}],"wp:attachment":[{"href":"https:\/\/www.cocoonstock.org\/index.php?rest_route=%2Fwp%2Fv2%2Fmedia&parent=10221"}],"wp:term":[{"taxonomy":"product_cat","embeddable":true,"href":"https:\/\/www.cocoonstock.org\/index.php?rest_route=%2Fwp%2Fv2%2Fproduct_cat&post=10221"},{"taxonomy":"product_tag","embeddable":true,"href":"https:\/\/www.cocoonstock.org\/index.php?rest_route=%2Fwp%2Fv2%2Fproduct_tag&post=10221"}],"curies":[{"name":"wp","href":"https:\/\/api.w.org\/{rel}","templated":true}]}}