{"id":10058,"date":"2024-04-11T22:30:47","date_gmt":"2024-04-11T20:30:47","guid":{"rendered":"https:\/\/www.cocoonstock.org\/?post_type=product&#038;p=10058"},"modified":"2024-04-11T22:42:23","modified_gmt":"2024-04-11T20:42:23","slug":"stele-metal-dore-mm","status":"publish","type":"product","link":"https:\/\/www.cocoonstock.org\/?product=stele-metal-dore-mm","title":{"rendered":"St\u00e8le m\u00e9tal dor\u00e9 MM"},"content":{"rendered":"","protected":false},"excerpt":{"rendered":"<h6>H 80cm \/\/ 40cm X 40cm<\/h6>\n<h6><em>Tous les prix sont en dirhams, hors taxes<br \/>\nTous les prix s\u2019entendent hors frais logistique, production, consommables.<\/em><\/h6>\n","protected":false},"featured_media":10065,"template":"","meta":[],"product_cat":[365],"product_tag":[],"_links":{"self":[{"href":"https:\/\/www.cocoonstock.org\/index.php?rest_route=\/wp\/v2\/product\/10058"}],"collection":[{"href":"https:\/\/www.cocoonstock.org\/index.php?rest_route=\/wp\/v2\/product"}],"about":[{"href":"https:\/\/www.cocoonstock.org\/index.php?rest_route=\/wp\/v2\/types\/product"}],"version-history":[{"count":1,"href":"https:\/\/www.cocoonstock.org\/index.php?rest_route=\/wp\/v2\/product\/10058\/revisions"}],"predecessor-version":[{"id":10066,"href":"https:\/\/www.cocoonstock.org\/index.php?rest_route=\/wp\/v2\/product\/10058\/revisions\/10066"}],"wp:featuredmedia":[{"embeddable":true,"href":"https:\/\/www.cocoonstock.org\/index.php?rest_route=\/wp\/v2\/media\/10065"}],"wp:attachment":[{"href":"https:\/\/www.cocoonstock.org\/index.php?rest_route=%2Fwp%2Fv2%2Fmedia&parent=10058"}],"wp:term":[{"taxonomy":"product_cat","embeddable":true,"href":"https:\/\/www.cocoonstock.org\/index.php?rest_route=%2Fwp%2Fv2%2Fproduct_cat&post=10058"},{"taxonomy":"product_tag","embeddable":true,"href":"https:\/\/www.cocoonstock.org\/index.php?rest_route=%2Fwp%2Fv2%2Fproduct_tag&post=10058"}],"curies":[{"name":"wp","href":"https:\/\/api.w.org\/{rel}","templated":true}]}}